{"id":79,"date":"2014-08-09T12:14:26","date_gmt":"2014-08-09T12:14:26","guid":{"rendered":"http:\/\/sangvirkelaget.org\/wp\/?page_id=79"},"modified":"2017-10-11T17:14:40","modified_gmt":"2017-10-11T17:14:40","slug":"sangvirkelaget","status":"publish","type":"page","link":"http:\/\/sangvirkelaget.org\/wp\/","title":{"rendered":"Sangvirkelaget"},"content":{"rendered":"<p><em>Foto: Stein-Evert Pettersen<\/em><br style=\"color: #333333;\" \/><br style=\"color: #333333;\" \/><span style=\"color: #333333;\">Koret \u00f8ver hver onsdag i kjelleren p\u00e5 T\u00e5rnveien skole under dirigent Jurgita Juozuiniene.<\/p>\n<p><\/span><\/p>\n<p>Sangvirkelaget, Narvik<br \/>\nOrganisasjonsnummer:\u00a0984 225 032<\/p>\n","protected":false},"excerpt":{"rendered":"<p>Foto: Stein-Evert PettersenKoret \u00f8ver hver onsdag i kjelleren p\u00e5 T\u00e5rnveien skole under dirigent Jurgita Juozuiniene. Sangvirkelaget, Narvik Organisasjonsnummer:\u00a0984 225 032<\/p>\n","protected":false},"author":1,"featured_media":490,"parent":0,"menu_order":1,"comment_status":"closed","ping_status":"closed","template":"","meta":[],"_links":{"self":[{"href":"http:\/\/sangvirkelaget.org\/wp\/index.php?rest_route=\/wp\/v2\/pages\/79"}],"collection":[{"href":"http:\/\/sangvirkelaget.org\/wp\/index.php?rest_route=\/wp\/v2\/pages"}],"about":[{"href":"http:\/\/sangvirkelaget.org\/wp\/index.php?rest_route=\/wp\/v2\/types\/page"}],"author":[{"embeddable":true,"href":"http:\/\/sangvirkelaget.org\/wp\/index.php?rest_route=\/wp\/v2\/users\/1"}],"replies":[{"embeddable":true,"href":"http:\/\/sangvirkelaget.org\/wp\/index.php?rest_route=%2Fwp%2Fv2%2Fcomments&post=79"}],"version-history":[{"count":8,"href":"http:\/\/sangvirkelaget.org\/wp\/index.php?rest_route=\/wp\/v2\/pages\/79\/revisions"}],"predecessor-version":[{"id":722,"href":"http:\/\/sangvirkelaget.org\/wp\/index.php?rest_route=\/wp\/v2\/pages\/79\/revisions\/722"}],"wp:featuredmedia":[{"embeddable":true,"href":"http:\/\/sangvirkelaget.org\/wp\/index.php?rest_route=\/wp\/v2\/media\/490"}],"wp:attachment":[{"href":"http:\/\/sangvirkelaget.org\/wp\/index.php?rest_route=%2Fwp%2Fv2%2Fmedia&parent=79"}],"curies":[{"name":"wp","href":"https:\/\/api.w.org\/{rel}","templated":true}]}}