{"id":13,"date":"2014-08-08T21:52:40","date_gmt":"2014-08-08T21:52:40","guid":{"rendered":"http:\/\/sangvirkelaget.org\/wp\/?page_id=13"},"modified":"2015-02-12T19:36:53","modified_gmt":"2015-02-12T19:36:53","slug":"kontakt-oss","status":"publish","type":"page","link":"http:\/\/sangvirkelaget.org\/wp\/?page_id=13","title":{"rendered":"Kontakt oss"},"content":{"rendered":"<p>Har du sp\u00f8rsm\u00e5l om koret, hjemmesiden eller andre ting? Benytt v\u00e5rt kontaktskjema, s\u00e5 vil noen i koret svare deg s\u00e5 snart som mulig!<\/p>\n<div id='contact-form-13'>\n<form action='http:\/\/sangvirkelaget.org\/wp\/?page_id=13#contact-form-13' method='post' class='contact-form commentsblock'>\n\n<div>\n\t\t<label for='g13-navn' class='grunion-field-label name'>Navn<span>(obligatorisk)<\/span><\/label>\n\t\t<input type='text' name='g13-navn' id='g13-navn' value='' class='name'  required aria-required='true'\/>\n\t<\/div>\n\n<div>\n\t\t<label for='g13-epost' class='grunion-field-label email'>Epost<span>(obligatorisk)<\/span><\/label>\n\t\t<input type='email' name='g13-epost' id='g13-epost' value='' class='email'  required aria-required='true'\/>\n\t<\/div>\n\n<div>\n\t\t<label for='g13-telefonnr' class='grunion-field-label text'>Telefonnr<\/label>\n\t\t<input type='text' name='g13-telefonnr' id='g13-telefonnr' value='' class='text'  \/>\n\t<\/div>\n\n<div>\n\t\t<label for='contact-form-comment-g13-kommentar' class='grunion-field-label textarea'>Kommentar<span>(obligatorisk)<\/span><\/label>\n\t\t<textarea name='g13-kommentar' id='contact-form-comment-g13-kommentar' rows='20'  required aria-required='true'><\/textarea>\n\t<\/div>\n\t<p class='contact-submit'>\n\t\t<input type='submit' value='Send inn &#187;' class='pushbutton-wide'\/>\n\t\t<input type='hidden' name='contact-form-id' value='13' \/>\n\t\t<input type='hidden' name='action' value='grunion-contact-form' \/>\n\t<\/p>\n<\/form>\n<\/div>\n<p>Eller du kan sende oss en mail her:<\/p>\n<p>leder@sangvirkelaget.org<br \/>\ndirigent@sangvirkelaget.org<\/p>\n","protected":false},"excerpt":{"rendered":"<p>Har du sp\u00f8rsm\u00e5l om koret, hjemmesiden eller andre ting? Benytt v\u00e5rt kontaktskjema, s\u00e5 vil noen i koret svare deg s\u00e5 snart som mulig! Eller du kan sende oss en mail her: leder@sangvirkelaget.org dirigent@sangvirkelaget.org<\/p>\n","protected":false},"author":1,"featured_media":0,"parent":0,"menu_order":5,"comment_status":"closed","ping_status":"closed","template":"","meta":[],"_links":{"self":[{"href":"http:\/\/sangvirkelaget.org\/wp\/index.php?rest_route=\/wp\/v2\/pages\/13"}],"collection":[{"href":"http:\/\/sangvirkelaget.org\/wp\/index.php?rest_route=\/wp\/v2\/pages"}],"about":[{"href":"http:\/\/sangvirkelaget.org\/wp\/index.php?rest_route=\/wp\/v2\/types\/page"}],"author":[{"embeddable":true,"href":"http:\/\/sangvirkelaget.org\/wp\/index.php?rest_route=\/wp\/v2\/users\/1"}],"replies":[{"embeddable":true,"href":"http:\/\/sangvirkelaget.org\/wp\/index.php?rest_route=%2Fwp%2Fv2%2Fcomments&post=13"}],"version-history":[{"count":12,"href":"http:\/\/sangvirkelaget.org\/wp\/index.php?rest_route=\/wp\/v2\/pages\/13\/revisions"}],"predecessor-version":[{"id":706,"href":"http:\/\/sangvirkelaget.org\/wp\/index.php?rest_route=\/wp\/v2\/pages\/13\/revisions\/706"}],"wp:attachment":[{"href":"http:\/\/sangvirkelaget.org\/wp\/index.php?rest_route=%2Fwp%2Fv2%2Fmedia&parent=13"}],"curies":[{"name":"wp","href":"https:\/\/api.w.org\/{rel}","templated":true}]}}